{"id":73,"date":"2014-12-09T21:24:16","date_gmt":"2014-12-09T21:24:16","guid":{"rendered":"http:\/\/lenhard-iv.de\/?page_id=73"},"modified":"2018-03-08T19:04:58","modified_gmt":"2018-03-08T19:04:58","slug":"referenzen","status":"publish","type":"page","link":"https:\/\/lenhard-iv.de\/?page_id=73","title":{"rendered":"Referenzen"},"content":{"rendered":"<section id=\"builder-section-text_11\" class=\"builder-section-first builder-section builder-section-text builder-section-last builder-text-columns-2\" style=\"background-size: cover; background-repeat: no-repeat;background-position: center center;\">\n<h3 class=\"builder-text-section-title\">\n        Referenzen- H\u00e4user in unserer Obhut    <\/h3>\n<div class=\"builder-section-content\">\n<div class=\"builder-text-row\">\n<div class=\"builder-text-column builder-text-column-1\" id=\"builder-section-text_11-column-1\">\n<div class=\"builder-text-content\">\n<p><a href=\"https:\/\/lenhard-iv.de\/wp-content\/uploads\/2014\/12\/2223_300x400.jpg\"><img loading=\"lazy\" decoding=\"async\" class=\"size-full wp-image-68 aligncenter\" src=\"https:\/\/lenhard-iv.de\/wp-content\/uploads\/2014\/12\/2223_300x400.jpg\" alt=\"\" width=\"300\" height=\"400\" srcset=\"https:\/\/lenhard-iv.de\/wp-content\/uploads\/2014\/12\/2223_300x400.jpg 300w, https:\/\/lenhard-iv.de\/wp-content\/uploads\/2014\/12\/2223_300x400-225x300.jpg 225w\" sizes=\"auto, (max-width: 300px) 100vw, 300px\" \/><\/a><\/p>\n<\/p><\/div>\n<\/p><\/div>\n<div class=\"builder-text-column builder-text-column-2\" id=\"builder-section-text_11-column-2\">\n<div class=\"builder-text-content\">\n<p>\u00a0<\/p>\n<p>32-Parteien-Mietshaus in D\u00fclken, ehemalig sozialer Wohnungsbau, modernisiert 2011,<\/p>\n<p>Leerstandsquote unter 1 %<\/p>\n<\/p><\/div>\n<\/p><\/div>\n<\/p><\/div>\n<div class=\"builder-text-row\">\n<div class=\"builder-text-column builder-text-column-3\" id=\"builder-section-text_11-column-1\">\n<div class=\"builder-text-content\">\n<p><a href=\"https:\/\/lenhard-iv.de\/wp-content\/uploads\/2014\/12\/2232_300x200.jpg\"><img loading=\"lazy\" decoding=\"async\" class=\"size-full wp-image-69 aligncenter\" src=\"https:\/\/lenhard-iv.de\/wp-content\/uploads\/2014\/12\/2232_300x200.jpg\" alt=\"\" width=\"300\" height=\"237\" \/><\/a><\/p>\n<\/p><\/div>\n<\/p><\/div>\n<div class=\"builder-text-column builder-text-column-4\" id=\"builder-section-text_11-column-2\">\n<div class=\"builder-text-content\">\n<p>5-Parteien-Eigent\u00fcmergemeinschaft in D\u00fclken von 1984<\/p>\n<\/p><\/div>\n<\/p><\/div>\n<\/p><\/div>\n<div class=\"builder-text-row\">\n<div class=\"builder-text-column builder-text-column-5\" id=\"builder-section-text_11-column-1\">\n<div class=\"builder-text-content\">\n<p><a href=\"https:\/\/lenhard-iv.de\/wp-content\/uploads\/2014\/12\/2241_300x200.jpg\"><img loading=\"lazy\" decoding=\"async\" class=\"size-full wp-image-71 aligncenter\" src=\"https:\/\/lenhard-iv.de\/wp-content\/uploads\/2014\/12\/2241_300x200.jpg\" alt=\"\" width=\"300\" height=\"225\" \/><\/a><\/p>\n<\/p><\/div>\n<\/p><\/div>\n<div class=\"builder-text-column builder-text-column-6\" id=\"builder-section-text_11-column-2\">\n<div class=\"builder-text-content\">\n<p>\u00a0<\/p>\n<p>Wohnhaus von 1958 in D\u00fclken am Stadtgarten<\/p>\n<\/p><\/div>\n<\/p><\/div>\n<\/p><\/div>\n<div class=\"builder-text-row\">\n<div class=\"builder-text-column builder-text-column-7\" id=\"builder-section-text_11-column-1\">\n<div class=\"builder-text-content\">\n<p><a href=\"https:\/\/lenhard-iv.de\/wp-content\/uploads\/2014\/12\/2234_300x200.jpg\"><img loading=\"lazy\" decoding=\"async\" class=\"size-full wp-image-70 aligncenter\" src=\"https:\/\/lenhard-iv.de\/wp-content\/uploads\/2014\/12\/2234_300x200.jpg\" alt=\"\" width=\"300\" height=\"227\" \/><\/a><\/p>\n<\/p><\/div>\n<\/p><\/div>\n<div class=\"builder-text-column builder-text-column-8\" id=\"builder-section-text_11-column-2\">\n<div class=\"builder-text-content\">\n<p>10-Parteien-Eigent\u00fcmergemeinschaft in D\u00fclken von 1986<\/p>\n<\/p><\/div>\n<\/p><\/div>\n<\/p><\/div>\n<div class=\"builder-text-row\">\n<div class=\"builder-text-column builder-text-column-9\" id=\"builder-section-text_11-column-1\">\n<div class=\"builder-text-content\">\n<p><a href=\"https:\/\/lenhard-iv.de\/wp-content\/uploads\/2018\/02\/reyeller_mont.jpg\"><img loading=\"lazy\" decoding=\"async\" class=\"size-full wp-image-392 aligncenter\" src=\"https:\/\/lenhard-iv.de\/wp-content\/uploads\/2018\/02\/reyeller_mont.jpg\" alt=\"\" width=\"300\" height=\"150\" \/><\/a><\/p>\n<\/p><\/div>\n<\/p><\/div>\n<div class=\"builder-text-column builder-text-column-10\" id=\"builder-section-text_11-column-2\">\n<div class=\"builder-text-content\">\n<p>Mietshaus mit 14 Wohnungen in D\u00fclken von 1975<\/p>\n<\/p><\/div>\n<\/p><\/div>\n<\/p><\/div>\n<\/p><\/div>\n<\/section>\n","protected":false},"excerpt":{"rendered":"<p>Referenzen- H\u00e4user in unserer Obhut \u00a0 32-Parteien-Mietshaus in D\u00fclken, ehemalig sozialer Wohnungsbau, modernisiert 2011, Leerstandsquote unter 1 % 5-Parteien-Eigent\u00fcmergemeinschaft in D\u00fclken von 1984 \u00a0 Wohnhaus von 1958 in D\u00fclken am Stadtgarten 10-Parteien-Eigent\u00fcmergemeinschaft in D\u00fclken von 1986 Mietshaus mit 14 Wohnungen in D\u00fclken von 1975<\/p>\n","protected":false},"author":1,"featured_media":0,"parent":0,"menu_order":0,"comment_status":"closed","ping_status":"closed","template":"template-builder.php","meta":{"footnotes":""},"class_list":["post-73","page","type-page","status-publish","hentry"],"_links":{"self":[{"href":"https:\/\/lenhard-iv.de\/index.php?rest_route=\/wp\/v2\/pages\/73","targetHints":{"allow":["GET"]}}],"collection":[{"href":"https:\/\/lenhard-iv.de\/index.php?rest_route=\/wp\/v2\/pages"}],"about":[{"href":"https:\/\/lenhard-iv.de\/index.php?rest_route=\/wp\/v2\/types\/page"}],"author":[{"embeddable":true,"href":"https:\/\/lenhard-iv.de\/index.php?rest_route=\/wp\/v2\/users\/1"}],"replies":[{"embeddable":true,"href":"https:\/\/lenhard-iv.de\/index.php?rest_route=%2Fwp%2Fv2%2Fcomments&post=73"}],"version-history":[{"count":11,"href":"https:\/\/lenhard-iv.de\/index.php?rest_route=\/wp\/v2\/pages\/73\/revisions"}],"predecessor-version":[{"id":438,"href":"https:\/\/lenhard-iv.de\/index.php?rest_route=\/wp\/v2\/pages\/73\/revisions\/438"}],"wp:attachment":[{"href":"https:\/\/lenhard-iv.de\/index.php?rest_route=%2Fwp%2Fv2%2Fmedia&parent=73"}],"curies":[{"name":"wp","href":"https:\/\/api.w.org\/{rel}","templated":true}]}}