{"id":64,"date":"2014-12-09T20:46:46","date_gmt":"2014-12-09T20:46:46","guid":{"rendered":"http:\/\/lenhard-iv.de\/?page_id=64"},"modified":"2025-05-26T13:06:55","modified_gmt":"2025-05-26T13:06:55","slug":"64-2","status":"publish","type":"page","link":"https:\/\/lenhard-iv.de\/","title":{"rendered":"Start"},"content":{"rendered":"<h3><span style=\"color: #ff0000;\"><strong>\u00a0<\/strong><\/span><\/h3>\n<h1 style=\"text-align: center;\"><em>Jeder Mensch ist anders, <\/em><\/h1>\n<h1 style=\"text-align: center;\"><em>jedes Haus ist anders-<\/em><\/h1>\n<h1 style=\"text-align: center;\"><em>wir bringen alle unter ein Dach!<\/em><\/h1>\n<hr class=\"ttfmake-hr\" style=\"border-style: solid; border-top-width: 1px;\" \/>\n<p><a href=\"https:\/\/lenhard-iv.de\/?page_id=59\"><img loading=\"lazy\" decoding=\"async\" class=\"alignleft wp-image-401 size-full\" src=\"https:\/\/lenhard-iv.de\/wp-content\/uploads\/2018\/02\/50px_Haus_r.png\" alt=\"\" width=\"50\" height=\"50\" \/><\/a><a href=\"https:\/\/lenhard-iv.de\/?page_id=59\"><big>Wohnungseigentumsverwaltung<\/big><\/a><\/p>\n<p><a href=\"https:\/\/lenhard-iv.de\/?page_id=59\"><em>Wir k\u00fcmmern uns pers\u00f6nlich und kompetent um Ihre Hausanlage! <\/em><em>\u00a0 &#8211;&gt; weiterlesen<\/em><\/a><\/p>\n<hr class=\"ttfmake-hr\" style=\"border-style: solid; border-top-width: 1px;\" \/>\n<p><a href=\"https:\/\/lenhard-iv.de\/?page_id=62\"><img loading=\"lazy\" decoding=\"async\" class=\"alignleft wp-image-402 size-full\" src=\"https:\/\/lenhard-iv.de\/wp-content\/uploads\/2018\/02\/50px_Tuer_r.png\" alt=\"\" width=\"50\" height=\"50\" \/><\/a><a href=\"https:\/\/lenhard-iv.de\/?page_id=62\"><big>Mietverwaltung<\/big><\/a><\/p>\n<p><a href=\"https:\/\/lenhard-iv.de\/?page_id=62\"><em>Wir bieten den kompletten Service! &#8211;&gt; weiterlesen<\/em><\/a><\/p>\n<hr class=\"ttfmake-hr\" style=\"border-style: solid; border-top-width: 1px;\" \/>\n<p><a href=\"https:\/\/lenhard-iv.de\/?page_id=203\"><img loading=\"lazy\" decoding=\"async\" class=\"alignleft wp-image-400 size-full\" src=\"https:\/\/lenhard-iv.de\/wp-content\/uploads\/2018\/02\/50px_Fenster_r.png\" alt=\"\" width=\"50\" height=\"50\" \/><\/a><a href=\"https:\/\/lenhard-iv.de\/?page_id=203\"><big>Sondereigentum und Einzelleistungen<\/big><\/a><\/p>\n<p><a href=\"https:\/\/lenhard-iv.de\/?page_id=203\"><em>Wenn Sie nur\u00a0 f\u00fcr bestimmte T\u00e4tigkeiten einen Verwalter ben\u00f6tigen,<\/em><em> &#8211;&gt; weiterlesen<\/em><\/a><\/p>\n<hr class=\"ttfmake-hr\" style=\"border-style: solid; border-top-width: 1px;\" \/>\n<p>&nbsp;<\/p>\n<p>&nbsp;<\/p>\n","protected":false},"excerpt":{"rendered":"<p>\u00a0 Jeder Mensch ist anders, jedes Haus ist anders- wir bringen alle unter ein Dach! Wohnungseigentumsverwaltung Wir k\u00fcmmern uns pers\u00f6nlich und kompetent um Ihre Hausanlage! \u00a0 &#8211;&gt; weiterlesen Mietverwaltung Wir bieten den kompletten Service! &#8211;&gt; weiterlesen Sondereigentum und Einzelleistungen Wenn Sie nur\u00a0 f\u00fcr bestimmte T\u00e4tigkeiten einen Verwalter ben\u00f6tigen, &#8211;&gt; weiterlesen &nbsp; &nbsp;<\/p>\n","protected":false},"author":1,"featured_media":0,"parent":0,"menu_order":0,"comment_status":"closed","ping_status":"closed","template":"","meta":{"footnotes":""},"class_list":["post-64","page","type-page","status-publish","hentry"],"_links":{"self":[{"href":"https:\/\/lenhard-iv.de\/index.php?rest_route=\/wp\/v2\/pages\/64","targetHints":{"allow":["GET"]}}],"collection":[{"href":"https:\/\/lenhard-iv.de\/index.php?rest_route=\/wp\/v2\/pages"}],"about":[{"href":"https:\/\/lenhard-iv.de\/index.php?rest_route=\/wp\/v2\/types\/page"}],"author":[{"embeddable":true,"href":"https:\/\/lenhard-iv.de\/index.php?rest_route=\/wp\/v2\/users\/1"}],"replies":[{"embeddable":true,"href":"https:\/\/lenhard-iv.de\/index.php?rest_route=%2Fwp%2Fv2%2Fcomments&post=64"}],"version-history":[{"count":95,"href":"https:\/\/lenhard-iv.de\/index.php?rest_route=\/wp\/v2\/pages\/64\/revisions"}],"predecessor-version":[{"id":802,"href":"https:\/\/lenhard-iv.de\/index.php?rest_route=\/wp\/v2\/pages\/64\/revisions\/802"}],"wp:attachment":[{"href":"https:\/\/lenhard-iv.de\/index.php?rest_route=%2Fwp%2Fv2%2Fmedia&parent=64"}],"curies":[{"name":"wp","href":"https:\/\/api.w.org\/{rel}","templated":true}]}}