{"id":62,"date":"2014-12-09T20:45:54","date_gmt":"2014-12-09T20:45:54","guid":{"rendered":"http:\/\/lenhard-iv.de\/?page_id=62"},"modified":"2018-03-08T19:41:49","modified_gmt":"2018-03-08T19:41:49","slug":"bereich-vermietung","status":"publish","type":"page","link":"https:\/\/lenhard-iv.de\/?page_id=62","title":{"rendered":"Mietverwaltung"},"content":{"rendered":"<p><em><big>Mietverwaltung<\/big><\/em><\/p>\n<p><a href=\"https:\/\/lenhard-iv.de\/wp-content\/uploads\/2014\/12\/2223_300x400.jpg\"><img loading=\"lazy\" decoding=\"async\" class=\"alignleft size-full wp-image-68\" src=\"https:\/\/lenhard-iv.de\/wp-content\/uploads\/2014\/12\/2223_300x400.jpg\" alt=\"\" width=\"300\" height=\"400\" srcset=\"https:\/\/lenhard-iv.de\/wp-content\/uploads\/2014\/12\/2223_300x400.jpg 300w, https:\/\/lenhard-iv.de\/wp-content\/uploads\/2014\/12\/2223_300x400-225x300.jpg 225w\" sizes=\"auto, (max-width: 300px) 100vw, 300px\" \/><\/a>Wir \u00fcbernehmen gerne die Mietverwaltung f\u00fcr Sie!<\/p>\n<p>Dabei bieten wir den kompletten Service von Beratung bei aktuellen Fragen \u00fcber die Nebenkostenabrechnung bis zur Neuvermietung, Abrechnung und Betreuung der Mieter!<\/p>\n<p>Wir haben den Werterhalt Ihrer Immobilie ebenso im Auge wie eine solide, langj\u00e4hrige Mieterschaft, die sich in Ihrem Haus auch zuhause f\u00fchlt.<br \/>\nErfahrungen im sozialen Wohnungsbau mit der Abrechnung nach Betriebskostenverordnung<br \/>\nund eine st\u00e4ndige Leerstandsquote von unter 2% weisen uns als Ihr kompetenter Partner aus!<\/p>\n<p><em>Damit Ihr Haus gut betreut ist, leisten wir viel:<\/em><\/p>\n<p>-Turnusm\u00e4\u00dfige Objektbegehung zur Feststellung des Instandhaltungsbedarfs und Veranlassung der Ma\u00dfnahmen<\/p>\n<p>-individuelle Planung zum Werterhalt der Immobilie und zur Modernisierung<\/p>\n<p>-Neuvermietung der Wohnungen nach Mietpreisbestimmung mit Durchf\u00fchrung der Wohnungs\u00fcbergaben und Kautionsabwicklung<\/p>\n<p>-Erstellung der Jahresabrechnung mit Bereitstellung aller n\u00f6tigen Unterlagen (inkl. Bescheinigung nach EStG \u00a735a f\u00fcr Ihre Steuererkl\u00e4rung)<\/p>\n<p>-Anlauf- und Kontaktstelle f\u00fcr die Mieter<\/p>\n<p>-F\u00fchrung und \u00dcberwachung von Miet- und Mietkautionskonten unter Verwendung einer modernen Hausverwaltungssoftware<\/p>\n<p>-Durchf\u00fchrung des Mahnwesens und Einleitung rechtlicher Schritte bei Zahlungsverzug bis hin zur Zwangsr\u00e4umung<\/p>\n<p>-Schnelle und regelm\u00e4\u00dfige Information und Absprache mit dem Eigent\u00fcmer, z.b. \u00fcber gesetzliche \u00c4nderungen<\/p>\n<p>&nbsp;<\/p>\n<p><a href=\"https:\/\/lenhard-iv.de\/\"><em>-&gt; zur\u00fcck zum Start<\/em><\/a><\/p>\n","protected":false},"excerpt":{"rendered":"<p>Mietverwaltung Wir \u00fcbernehmen gerne die Mietverwaltung f\u00fcr Sie! Dabei bieten wir den kompletten Service von Beratung bei aktuellen Fragen \u00fcber die Nebenkostenabrechnung bis zur Neuvermietung, Abrechnung und Betreuung der Mieter! Wir haben den Werterhalt Ihrer Immobilie ebenso im Auge wie eine solide, langj\u00e4hrige Mieterschaft, die sich in Ihrem Haus auch zuhause f\u00fchlt. Erfahrungen im sozialen &hellip;<\/p>\n","protected":false},"author":1,"featured_media":0,"parent":0,"menu_order":0,"comment_status":"closed","ping_status":"closed","template":"","meta":{"footnotes":""},"class_list":["post-62","page","type-page","status-publish","hentry"],"_links":{"self":[{"href":"https:\/\/lenhard-iv.de\/index.php?rest_route=\/wp\/v2\/pages\/62","targetHints":{"allow":["GET"]}}],"collection":[{"href":"https:\/\/lenhard-iv.de\/index.php?rest_route=\/wp\/v2\/pages"}],"about":[{"href":"https:\/\/lenhard-iv.de\/index.php?rest_route=\/wp\/v2\/types\/page"}],"author":[{"embeddable":true,"href":"https:\/\/lenhard-iv.de\/index.php?rest_route=\/wp\/v2\/users\/1"}],"replies":[{"embeddable":true,"href":"https:\/\/lenhard-iv.de\/index.php?rest_route=%2Fwp%2Fv2%2Fcomments&post=62"}],"version-history":[{"count":26,"href":"https:\/\/lenhard-iv.de\/index.php?rest_route=\/wp\/v2\/pages\/62\/revisions"}],"predecessor-version":[{"id":461,"href":"https:\/\/lenhard-iv.de\/index.php?rest_route=\/wp\/v2\/pages\/62\/revisions\/461"}],"wp:attachment":[{"href":"https:\/\/lenhard-iv.de\/index.php?rest_route=%2Fwp%2Fv2%2Fmedia&parent=62"}],"curies":[{"name":"wp","href":"https:\/\/api.w.org\/{rel}","templated":true}]}}