{"id":55,"date":"2014-12-09T20:41:52","date_gmt":"2014-12-09T20:41:52","guid":{"rendered":"http:\/\/lenhard-iv.de\/?page_id=55"},"modified":"2026-02-26T13:43:11","modified_gmt":"2026-02-26T13:43:11","slug":"das-team","status":"publish","type":"page","link":"https:\/\/lenhard-iv.de\/?page_id=55","title":{"rendered":"Das Team"},"content":{"rendered":"<section id=\"builder-section-1418160281421\" class=\"builder-section-first builder-section builder-section-text builder-section-next-gallery builder-text-columns-3\" style=\"background-repeat: repeat;background-position: center center;\">\n<div class=\"builder-section-content\">\n<div class=\"builder-text-row\">\n<div class=\"builder-text-column builder-text-column-1\" id=\"builder-section-1418160281421-column-1\">\n<div class=\"builder-text-content\">\n\t\t\t\t\t\t\t\t\t\t\t<\/div>\n<\/p><\/div>\n<div class=\"builder-text-column builder-text-column-2\" id=\"builder-section-1418160281421-column-2\">\n<div class=\"builder-text-content\">\n\t\t\t\t\t\t\t\t\t\t\t<\/div>\n<\/p><\/div>\n<div class=\"builder-text-column builder-text-column-3\" id=\"builder-section-1418160281421-column-3\">\n<div class=\"builder-text-content\">\n\t\t\t\t\t\t\t\t\t\t\t<\/div>\n<\/p><\/div>\n<\/p><\/div>\n<\/p><\/div>\n<\/section>\n<section id=\"builder-section-1418160316028\" class=\"builder-section-prev-text builder-section builder-section-gallery builder-section-next-text builder-gallery-columns-3 builder-gallery-captions-reveal builder-gallery-captions-light builder-gallery-aspect-square\" style=\"background-repeat: repeat;background-position: center center;\">\n<div class=\"builder-section-content\">\n<div class=\"builder-gallery-item \"><\/div>\n<div class=\"builder-gallery-item \"><\/div>\n<div class=\"builder-gallery-item  last-3\"><\/div>\n<\/p><\/div>\n<\/section>\n<section id=\"builder-section-1418160359025\" class=\"builder-section-prev-gallery builder-section builder-section-text builder-section-last builder-text-columns-2\" style=\"background-repeat: repeat;background-position: center center;\">\n<div class=\"builder-section-content\">\n<div class=\"builder-text-row\">\n<div class=\"builder-text-column builder-text-column-1\" id=\"builder-section-1418160359025-column-1\">\n<div class=\"builder-text-content\">\n<p><a href=\"https:\/\/lenhard-iv.de\/wp-content\/uploads\/2026\/02\/IMG_1695a.jpg\"><img loading=\"lazy\" decoding=\"async\" class=\"size-medium wp-image-819 aligncenter\" src=\"https:\/\/lenhard-iv.de\/wp-content\/uploads\/2026\/02\/IMG_1695a-200x300.jpg\" alt=\"\" width=\"200\" height=\"300\" srcset=\"https:\/\/lenhard-iv.de\/wp-content\/uploads\/2026\/02\/IMG_1695a-200x300.jpg 200w, https:\/\/lenhard-iv.de\/wp-content\/uploads\/2026\/02\/IMG_1695a.jpg 533w\" sizes=\"auto, (max-width: 200px) 100vw, 200px\" \/><\/a><\/p>\n<\/p><\/div>\n<\/p><\/div>\n<div class=\"builder-text-column builder-text-column-2\" id=\"builder-section-1418160359025-column-2\">\n<div class=\"builder-text-content\">\n<p>Dipl.-Ing. Inge Lenhard<\/p>\n<ul>\n<li><em>Firmeninhaberin<\/em><\/li>\n<\/ul><\/div>\n<\/p><\/div>\n<\/p><\/div>\n<div class=\"builder-text-row\">\n<div class=\"builder-text-column builder-text-column-3\" id=\"builder-section-1418160359025-column-1\">\n<div class=\"builder-text-content\">\n<p><a href=\"https:\/\/lenhard-iv.de\/wp-content\/uploads\/2026\/02\/IMG_1670a.jpg\"><img loading=\"lazy\" decoding=\"async\" class=\"size-medium wp-image-815 aligncenter\" src=\"https:\/\/lenhard-iv.de\/wp-content\/uploads\/2026\/02\/IMG_1670a-200x300.jpg\" alt=\"\" width=\"200\" height=\"300\" srcset=\"https:\/\/lenhard-iv.de\/wp-content\/uploads\/2026\/02\/IMG_1670a-200x300.jpg 200w, https:\/\/lenhard-iv.de\/wp-content\/uploads\/2026\/02\/IMG_1670a.jpg 533w\" sizes=\"auto, (max-width: 200px) 100vw, 200px\" \/><\/a><\/p>\n<\/p><\/div>\n<\/p><\/div>\n<div class=\"builder-text-column builder-text-column-4\" id=\"builder-section-1418160359025-column-2\">\n<div class=\"builder-text-content\">\n<p>Simone Mint<\/p>\n<ul>\n<li><em>Kaufm\u00e4nn. Angestellte<\/em><\/li>\n<\/ul>\n<p><em>Bereiche<\/em><\/p>\n<ul>\n<li><em>Mietverwaltung<\/em><\/li>\n<li><em>B\u00fcroorganisation<\/em><\/li>\n<\/ul><\/div>\n<\/p><\/div>\n<\/p><\/div>\n<div class=\"builder-text-row\">\n<div class=\"builder-text-column builder-text-column-5\" id=\"builder-section-1418160359025-column-1\">\n<div class=\"builder-text-content\">\n<p><a href=\"https:\/\/lenhard-iv.de\/wp-content\/uploads\/2026\/02\/IMG_1681a.jpg\"><img loading=\"lazy\" decoding=\"async\" class=\"size-medium wp-image-817 aligncenter\" src=\"https:\/\/lenhard-iv.de\/wp-content\/uploads\/2026\/02\/IMG_1681a-200x300.jpg\" alt=\"\" width=\"200\" height=\"300\" srcset=\"https:\/\/lenhard-iv.de\/wp-content\/uploads\/2026\/02\/IMG_1681a-200x300.jpg 200w, https:\/\/lenhard-iv.de\/wp-content\/uploads\/2026\/02\/IMG_1681a.jpg 533w\" sizes=\"auto, (max-width: 200px) 100vw, 200px\" \/><\/a><\/p>\n<\/p><\/div>\n<\/p><\/div>\n<div class=\"builder-text-column builder-text-column-6\" id=\"builder-section-1418160359025-column-2\">\n<div class=\"builder-text-content\">\n<p>Michaela Weise<\/p>\n<ul>\n<li><em>B\u00fcrokauffrau<\/em><\/li>\n<\/ul>\n<p><em>Bereiche<\/em><\/p>\n<ul>\n<li><em>Wohnungseigentum<\/em><\/li>\n<li><em>Abrechnungswesen<\/em><\/li>\n<li><em>Personalbetreuung<\/em><\/li>\n<\/ul><\/div>\n<\/p><\/div>\n<\/p><\/div>\n<div class=\"builder-text-row\">\n<div class=\"builder-text-column builder-text-column-7\" id=\"builder-section-1418160359025-column-1\">\n<div class=\"builder-text-content\">\n<p><a href=\"https:\/\/lenhard-iv.de\/wp-content\/uploads\/2026\/02\/IMG_1691a.jpg\"><img loading=\"lazy\" decoding=\"async\" class=\"size-medium wp-image-818 aligncenter\" src=\"https:\/\/lenhard-iv.de\/wp-content\/uploads\/2026\/02\/IMG_1691a-200x300.jpg\" alt=\"\" width=\"200\" height=\"300\" srcset=\"https:\/\/lenhard-iv.de\/wp-content\/uploads\/2026\/02\/IMG_1691a-200x300.jpg 200w, https:\/\/lenhard-iv.de\/wp-content\/uploads\/2026\/02\/IMG_1691a.jpg 533w\" sizes=\"auto, (max-width: 200px) 100vw, 200px\" \/><\/a><\/p>\n<\/p><\/div>\n<\/p><\/div>\n<div class=\"builder-text-column builder-text-column-8\" id=\"builder-section-1418160359025-column-2\">\n<div class=\"builder-text-content\">\n<p>Melanie Karius<\/p>\n<ul>\n<li><em>Bankkauffrau<\/em><\/li>\n<\/ul>\n<p><em>Bereich<\/em><\/p>\n<ul>\n<li><em>Rechnungswesen<\/em><\/li>\n<\/ul><\/div>\n<\/p><\/div>\n<\/p><\/div>\n<div class=\"builder-text-row\">\n<div class=\"builder-text-column builder-text-column-9\" id=\"builder-section-1418160359025-column-1\">\n<div class=\"builder-text-content\">\n<p><a href=\"https:\/\/lenhard-iv.de\/wp-content\/uploads\/2026\/02\/IMG_1678a.jpg\"><img loading=\"lazy\" decoding=\"async\" class=\"size-medium wp-image-816 aligncenter\" src=\"https:\/\/lenhard-iv.de\/wp-content\/uploads\/2026\/02\/IMG_1678a-200x300.jpg\" alt=\"\" width=\"200\" height=\"300\" srcset=\"https:\/\/lenhard-iv.de\/wp-content\/uploads\/2026\/02\/IMG_1678a-200x300.jpg 200w, https:\/\/lenhard-iv.de\/wp-content\/uploads\/2026\/02\/IMG_1678a.jpg 533w\" sizes=\"auto, (max-width: 200px) 100vw, 200px\" \/><\/a><\/p>\n<\/p><\/div>\n<\/p><\/div>\n<div class=\"builder-text-column builder-text-column-10\" id=\"builder-section-1418160359025-column-2\">\n<div class=\"builder-text-content\">\n<p>Inga Otto<\/p>\n<ul>\n<li><em>Architektin<\/em><\/li>\n<\/ul><\/div>\n<\/p><\/div>\n<\/p><\/div>\n<\/p><\/div>\n<\/section>\n","protected":false},"excerpt":{"rendered":"<p>Dipl.-Ing. Inge Lenhard Firmeninhaberin Simone Mint Kaufm\u00e4nn. Angestellte Bereiche Mietverwaltung B\u00fcroorganisation Michaela Weise B\u00fcrokauffrau Bereiche Wohnungseigentum Abrechnungswesen Personalbetreuung Melanie Karius Bankkauffrau Bereich Rechnungswesen Inga Otto Architektin<\/p>\n","protected":false},"author":1,"featured_media":0,"parent":0,"menu_order":0,"comment_status":"closed","ping_status":"closed","template":"template-builder.php","meta":{"footnotes":""},"class_list":["post-55","page","type-page","status-publish","hentry"],"_links":{"self":[{"href":"https:\/\/lenhard-iv.de\/index.php?rest_route=\/wp\/v2\/pages\/55","targetHints":{"allow":["GET"]}}],"collection":[{"href":"https:\/\/lenhard-iv.de\/index.php?rest_route=\/wp\/v2\/pages"}],"about":[{"href":"https:\/\/lenhard-iv.de\/index.php?rest_route=\/wp\/v2\/types\/page"}],"author":[{"embeddable":true,"href":"https:\/\/lenhard-iv.de\/index.php?rest_route=\/wp\/v2\/users\/1"}],"replies":[{"embeddable":true,"href":"https:\/\/lenhard-iv.de\/index.php?rest_route=%2Fwp%2Fv2%2Fcomments&post=55"}],"version-history":[{"count":19,"href":"https:\/\/lenhard-iv.de\/index.php?rest_route=\/wp\/v2\/pages\/55\/revisions"}],"predecessor-version":[{"id":827,"href":"https:\/\/lenhard-iv.de\/index.php?rest_route=\/wp\/v2\/pages\/55\/revisions\/827"}],"wp:attachment":[{"href":"https:\/\/lenhard-iv.de\/index.php?rest_route=%2Fwp%2Fv2%2Fmedia&parent=55"}],"curies":[{"name":"wp","href":"https:\/\/api.w.org\/{rel}","templated":true}]}}