{"id":26,"date":"2014-11-18T16:10:46","date_gmt":"2014-11-18T16:10:46","guid":{"rendered":"http:\/\/lenhard-iv.de\/?page_id=26"},"modified":"2024-02-19T10:37:49","modified_gmt":"2024-02-19T10:37:49","slug":"kontakt","status":"publish","type":"page","link":"https:\/\/lenhard-iv.de\/?page_id=26","title":{"rendered":"Kontakt"},"content":{"rendered":"<h1><em>Kontakt<\/em><\/h1>\n<p>&nbsp;<\/p>\n<p><big><em>Wir freuen uns auf Ihren Anruf<\/em><\/big> unter der Tel.Nr.: 02162 \u2013 810070 zu unseren \u00d6ffnungszeiten montags-freitags von 9:00 \u2013 12:00 Uhr. (Wenn es bei uns sehr voll sein sollte, hinterlassen Sie bitte eine Nachricht, wir rufen Sie zur\u00fcck!)<\/p>\n<p>Danach erreichen Sie uns nach Terminvereinbarung, wir sind nat\u00fcrlich auch nachmittags f\u00fcr Sie da.<\/p>\n<p><big><em>Bei einem Besuch in unserem B\u00fcro<\/em><\/big> in der Danziger Str. 11a, 41751 Viersen (Viersen-D\u00fclken) zu den \u00d6ffnungszeiten oder nach Vereinbarung nachmittags k\u00f6nnen wir alles direkt besprechen.<\/p>\n<p><em><big>Die schnelle E-Mail<\/big><\/em> unter <a href=\"mailto:info@lenhard-iv.de\">info@lenhard-iv.de<\/a> sehen wir gerne!<\/p>\n<p>Wir k\u00fcmmern uns um Ihr Problem!<\/p>\n","protected":false},"excerpt":{"rendered":"<p>Kontakt &nbsp; Wir freuen uns auf Ihren Anruf unter der Tel.Nr.: 02162 \u2013 810070 zu unseren \u00d6ffnungszeiten montags-freitags von 9:00 \u2013 12:00 Uhr. (Wenn es bei uns sehr voll sein sollte, hinterlassen Sie bitte eine Nachricht, wir rufen Sie zur\u00fcck!) Danach erreichen Sie uns nach Terminvereinbarung, wir sind nat\u00fcrlich auch nachmittags f\u00fcr Sie da. Bei &hellip;<\/p>\n","protected":false},"author":1,"featured_media":0,"parent":0,"menu_order":0,"comment_status":"closed","ping_status":"open","template":"","meta":{"footnotes":""},"class_list":["post-26","page","type-page","status-publish","hentry"],"_links":{"self":[{"href":"https:\/\/lenhard-iv.de\/index.php?rest_route=\/wp\/v2\/pages\/26","targetHints":{"allow":["GET"]}}],"collection":[{"href":"https:\/\/lenhard-iv.de\/index.php?rest_route=\/wp\/v2\/pages"}],"about":[{"href":"https:\/\/lenhard-iv.de\/index.php?rest_route=\/wp\/v2\/types\/page"}],"author":[{"embeddable":true,"href":"https:\/\/lenhard-iv.de\/index.php?rest_route=\/wp\/v2\/users\/1"}],"replies":[{"embeddable":true,"href":"https:\/\/lenhard-iv.de\/index.php?rest_route=%2Fwp%2Fv2%2Fcomments&post=26"}],"version-history":[{"count":16,"href":"https:\/\/lenhard-iv.de\/index.php?rest_route=\/wp\/v2\/pages\/26\/revisions"}],"predecessor-version":[{"id":794,"href":"https:\/\/lenhard-iv.de\/index.php?rest_route=\/wp\/v2\/pages\/26\/revisions\/794"}],"wp:attachment":[{"href":"https:\/\/lenhard-iv.de\/index.php?rest_route=%2Fwp%2Fv2%2Fmedia&parent=26"}],"curies":[{"name":"wp","href":"https:\/\/api.w.org\/{rel}","templated":true}]}}