{"id":203,"date":"2017-02-14T11:48:57","date_gmt":"2017-02-14T11:48:57","guid":{"rendered":"http:\/\/lenhard-iv.de\/?page_id=203"},"modified":"2018-03-08T19:39:16","modified_gmt":"2018-03-08T19:39:16","slug":"weitere-grausamkeiten","status":"publish","type":"page","link":"https:\/\/lenhard-iv.de\/?page_id=203","title":{"rendered":"Sondereigentumsverwaltung und Einzelleistungen"},"content":{"rendered":"<p><em><big>Sondereigentumsverwaltung und Einzelleistungen<\/big><\/em><\/p>\n<p><a href=\"https:\/\/lenhard-iv.de\/wp-content\/uploads\/2018\/01\/400-9696.jpg\"><img loading=\"lazy\" decoding=\"async\" class=\"alignleft size-full wp-image-259\" src=\"https:\/\/lenhard-iv.de\/wp-content\/uploads\/2018\/01\/400-9696.jpg\" alt=\"\" width=\"400\" height=\"267\" srcset=\"https:\/\/lenhard-iv.de\/wp-content\/uploads\/2018\/01\/400-9696.jpg 400w, https:\/\/lenhard-iv.de\/wp-content\/uploads\/2018\/01\/400-9696-300x200.jpg 300w\" sizes=\"auto, (max-width: 400px) 100vw, 400px\" \/><\/a><\/p>\n<p>Wir helfen Ihnen bei Ihren Problemen mit so viel fachgerechter Unterst\u00fctzung, wie Sie m\u00f6gen. Auch wenn Sie nur kurzfristig oder f\u00fcr bestimmte T\u00e4tigkeiten einen versierten Verwalter ben\u00f6tigen, helfen wir Ihnen gerne!<\/p>\n<p>zum Beispiel unterst\u00fctzen wir Sie kompetent bei<\/p>\n<p>-J\u00e4hrlichen Nebenkostenabrechnungen<br \/>\n-Problemen mit dem Mieter<br \/>\n-Problemen mit der Wohnung<\/p>\n<p>&nbsp;<\/p>\n<p><a href=\"https:\/\/lenhard-iv.de\/\"><em>-&gt;zur\u00fcck zum Start<\/em><\/a><\/p>\n<p>&nbsp;<\/p>\n<p>&nbsp;<\/p>\n<p>&nbsp;<\/p>\n<p>&nbsp;<\/p>\n","protected":false},"excerpt":{"rendered":"<p>Sondereigentumsverwaltung und Einzelleistungen Wir helfen Ihnen bei Ihren Problemen mit so viel fachgerechter Unterst\u00fctzung, wie Sie m\u00f6gen. Auch wenn Sie nur kurzfristig oder f\u00fcr bestimmte T\u00e4tigkeiten einen versierten Verwalter ben\u00f6tigen, helfen wir Ihnen gerne! zum Beispiel unterst\u00fctzen wir Sie kompetent bei -J\u00e4hrlichen Nebenkostenabrechnungen -Problemen mit dem Mieter -Problemen mit der Wohnung &nbsp; -&gt;zur\u00fcck zum Start &hellip;<\/p>\n","protected":false},"author":1,"featured_media":0,"parent":0,"menu_order":0,"comment_status":"closed","ping_status":"closed","template":"","meta":{"footnotes":""},"class_list":["post-203","page","type-page","status-publish","hentry"],"_links":{"self":[{"href":"https:\/\/lenhard-iv.de\/index.php?rest_route=\/wp\/v2\/pages\/203","targetHints":{"allow":["GET"]}}],"collection":[{"href":"https:\/\/lenhard-iv.de\/index.php?rest_route=\/wp\/v2\/pages"}],"about":[{"href":"https:\/\/lenhard-iv.de\/index.php?rest_route=\/wp\/v2\/types\/page"}],"author":[{"embeddable":true,"href":"https:\/\/lenhard-iv.de\/index.php?rest_route=\/wp\/v2\/users\/1"}],"replies":[{"embeddable":true,"href":"https:\/\/lenhard-iv.de\/index.php?rest_route=%2Fwp%2Fv2%2Fcomments&post=203"}],"version-history":[{"count":15,"href":"https:\/\/lenhard-iv.de\/index.php?rest_route=\/wp\/v2\/pages\/203\/revisions"}],"predecessor-version":[{"id":459,"href":"https:\/\/lenhard-iv.de\/index.php?rest_route=\/wp\/v2\/pages\/203\/revisions\/459"}],"wp:attachment":[{"href":"https:\/\/lenhard-iv.de\/index.php?rest_route=%2Fwp%2Fv2%2Fmedia&parent=203"}],"curies":[{"name":"wp","href":"https:\/\/api.w.org\/{rel}","templated":true}]}}